{"id":1590,"date":"2025-02-24T19:21:59","date_gmt":"2025-02-24T19:21:59","guid":{"rendered":"https:\/\/natv.tech\/?page_id=1590"},"modified":"2025-02-26T13:55:33","modified_gmt":"2025-02-26T13:55:33","slug":"ai-rio-teste","status":"publish","type":"page","link":"https:\/\/natv.tech\/en\/ai-rio-teste\/","title":{"rendered":"AI RIO TESTE"},"content":{"rendered":"<div data-elementor-type=\"wp-page\" data-elementor-id=\"1590\" class=\"elementor elementor-1590\" data-elementor-post-type=\"page\">\n\t\t\t\t\t\t<section class=\"elementor-section elementor-top-section elementor-element elementor-element-3a2c83fb elementor-section-boxed elementor-section-height-default elementor-section-height-default\" data-id=\"3a2c83fb\" data-element_type=\"section\">\n\t\t\t\t\t\t<div class=\"elementor-container elementor-column-gap-default\">\n\t\t\t\t\t<div class=\"elementor-column elementor-col-100 elementor-top-column elementor-element elementor-element-4a31e6ad\" data-id=\"4a31e6ad\" data-element_type=\"column\">\n\t\t\t<div class=\"elementor-widget-wrap elementor-element-populated\">\n\t\t\t\t\t\t<div class=\"elementor-element elementor-element-76bad8cd elementor-widget elementor-widget-spacer\" data-id=\"76bad8cd\" data-element_type=\"widget\" data-widget_type=\"spacer.default\">\n\t\t\t\t<div class=\"elementor-widget-container\">\n\t\t\t\t\t\t\t<div class=\"elementor-spacer\">\n\t\t\t<div class=\"elementor-spacer-inner\"><\/div>\n\t\t<\/div>\n\t\t\t\t\t\t<\/div>\n\t\t\t\t<\/div>\n\t\t\t\t\t<\/div>\n\t\t<\/div>\n\t\t\t\t\t<\/div>\n\t\t<\/section>\n\t\t\t\t<section class=\"elementor-section elementor-top-section elementor-element elementor-element-40866c9e elementor-section-boxed elementor-section-height-default elementor-section-height-default\" data-id=\"40866c9e\" data-element_type=\"section\">\n\t\t\t\t\t\t<div class=\"elementor-container elementor-column-gap-default\">\n\t\t\t\t\t<div class=\"elementor-column elementor-col-33 elementor-top-column elementor-element elementor-element-32e7945b\" data-id=\"32e7945b\" data-element_type=\"column\">\n\t\t\t<div class=\"elementor-widget-wrap\">\n\t\t\t\t\t\t\t<\/div>\n\t\t<\/div>\n\t\t\t\t<div class=\"elementor-column elementor-col-33 elementor-top-column elementor-element elementor-element-7068d00d\" data-id=\"7068d00d\" data-element_type=\"column\">\n\t\t\t<div class=\"elementor-widget-wrap elementor-element-populated\">\n\t\t\t\t\t\t<div class=\"elementor-element elementor-element-1f4c3931 elementor-widget elementor-widget-image\" data-id=\"1f4c3931\" data-element_type=\"widget\" data-widget_type=\"image.default\">\n\t\t\t\t<div class=\"elementor-widget-container\">\n\t\t\t\t\t\t\t\t\t\t\t\t\t\t\t<img fetchpriority=\"high\" decoding=\"async\" width=\"370\" height=\"370\" src=\"https:\/\/natv.tech\/wp-content\/uploads\/2025\/02\/logo-Mario.png\" class=\"attachment-large size-large wp-image-1592\" alt=\"\" srcset=\"https:\/\/natv.tech\/wp-content\/uploads\/2025\/02\/logo-Mario.png 370w, https:\/\/natv.tech\/wp-content\/uploads\/2025\/02\/logo-Mario-300x300.png 300w, https:\/\/natv.tech\/wp-content\/uploads\/2025\/02\/logo-Mario-150x150.png 150w, https:\/\/natv.tech\/wp-content\/uploads\/2025\/02\/logo-Mario-12x12.png 12w, https:\/\/natv.tech\/wp-content\/uploads\/2025\/02\/logo-Mario-24x24.png 24w, https:\/\/natv.tech\/wp-content\/uploads\/2025\/02\/logo-Mario-36x36.png 36w, https:\/\/natv.tech\/wp-content\/uploads\/2025\/02\/logo-Mario-48x48.png 48w\" sizes=\"(max-width: 370px) 100vw, 370px\" \/>\t\t\t\t\t\t\t\t\t\t\t\t\t\t\t<\/div>\n\t\t\t\t<\/div>\n\t\t\t\t\t<\/div>\n\t\t<\/div>\n\t\t\t\t<div class=\"elementor-column elementor-col-33 elementor-top-column elementor-element elementor-element-7191099b\" data-id=\"7191099b\" data-element_type=\"column\">\n\t\t\t<div class=\"elementor-widget-wrap\">\n\t\t\t\t\t\t\t<\/div>\n\t\t<\/div>\n\t\t\t\t\t<\/div>\n\t\t<\/section>\n\t\t<div class=\"elementor-element elementor-element-085340b e-flex e-con-boxed e-con e-parent\" data-id=\"085340b\" data-element_type=\"container\">\n\t\t\t\t\t<div class=\"e-con-inner\">\n\t\t\t\t<div class=\"elementor-element elementor-element-73f1a59 elementor-widget elementor-widget-text-editor\" data-id=\"73f1a59\" data-element_type=\"widget\" data-widget_type=\"text-editor.default\">\n\t\t\t\t<div class=\"elementor-widget-container\">\n\t\t\t\t\t\t\t\t\t<p>contatos de nossas revendas<br \/>ANAPOLIS <br \/>GO<br \/>Tel.: 62 9145-8985<\/p><p>APARECIDA DE GOIANIA <br \/>R. Dos Ferrovi\u00e1rios, 28 &#8211; Esplanada Do Anicuns<br \/>CEP: 74.433-090<br \/>GO<br \/>Tel.: (62) 98650-3313<br \/>E-mail: riopiscinasgoiania@gmail.com<\/p><p>ARA\u00c7ATUBA<br \/>Av. Bras\u00edlia, 198 &#8211; Nova York<br \/>CEP: 16.018-000<br \/>SP<br \/>Tel.: (18) 99666-7070<br \/>E-mail: aracatubariopiscinas.com.br<\/p><p>BARRETOS<br \/>Av. Engenheiro Necker Carvalho De Camargo &#8211; Rios<br \/>CEP: 14.783-083<br \/>SP<br \/>Tel.: (17) 9978-8283<br \/>E-mail: riopiscinasbarretos2022@hotmail.com<\/p><p>CURITIBA <br \/>Rua Casto, 635, &#8211; Cruzeiro <br \/>CEP: 83.010-080<br \/>PR<br \/>Tel.: (41) 9843-9452<\/p><p>RONDON\u00d3POLIS <br \/>Tel.: 66 9920-6357<\/p><p>COXIM <br \/>Av. Gaspar Ries Coelho, &#8211; Bairro Vila Santana<br \/>CEP: 79.400-00 <br \/>MS <br \/>Tel.: (67) 99600-8502<br \/>E-mail: riopiscinascoxim@gmail.com<\/p><p>CAMPO GRANDE <br \/>AV Afonso pena 671 &#8211; Amambai<br \/>CEP: 79.005-000<br \/>MS <br \/>Tel.: (67) 9205-5497<br \/>E-mail: tonycarlosclemente@gmail.com<\/p><p>CASCAVEL<br \/>R. Pedro Ivo 1031 &#8211; REGI\u00c3O DOS LAGOS <br \/>CEP: 85.812-171<br \/>PR<br \/>Tel.: (45) 9821-2262<\/p><p>LINS<br \/>Rua Marqu\u00eas de Tamandar\u00e9 &#8211; VILA PERIN<br \/>CEP: 16400-543<br \/>SP<br \/>Tel.: (14) 99621-8479<br \/>E-mail: douglasam@outlook.com<\/p><p>FOZ DO IGUA\u00c7U <br \/>AV REPUBLICA ARGENTINA 5815 &#8211; MORUMBI <br \/>CEP: 85.858-303<br \/>PR<br \/>Tel.: (45) 9954-0610<br \/>E-mail: Vippiscinasfoz@gmail.com<\/p><p>HERNANDARIAS<br \/>AV JOSE FELIX ESTIGARRIBIA &#8211; CIUDADE DEL ESTE<br \/>EX<br \/>Tel.: +595 983 622909<br \/>E-mail: CIUDADDELESTE@ACQUARIAPISCINAS.COM<\/p><p>MARILIA<br \/>Tel.: 14 99722-4408<\/p><p>JAGUARIAIVA <br \/>R. JOSE ADACHESKI 255 SALA 01 &#8211; VILA ANESIA<br \/>CEP: 84200-000<br \/>PR<br \/>Tel.: (43) 3535-1585<br \/>E-mail: jaguariaiva@riopiscinas.com.br<\/p><p>JOSE BONIFACIO<br \/>Av. Joaquim Moreira da Silva 2613 &#8211; Jardim Am\u00e9rica<br \/>CEP: 15200-000<br \/>SP<br \/>Tel.: (17) 99286-7991<br \/>E-mail: riopiscinasjosebonifacio@gmail.com<\/p><p>LONDRINA<br \/>ROD. Carlos Jo\u00e3o Strass &#8211; Parque Industrial Alicante<br \/>CEP: 86.087-350<br \/>PR<br \/>Tel.: (43) 9115-1812<br \/>E-mail: Lfpiscinas2014@gmail.com<\/p><p>PEIXOTO DE AZEVEDO<br \/>Rua Lions internacional 610 &#8211; NOVA ESPERAN\u00c7A<br \/>CEP: 78530-000<br \/>MT<br \/>Tel.: (66) 9928-5154<br \/>E-mail: riopiscinaspeixotodeazevedo@gmail.com<\/p><p>PATOS DE MINAS<br \/>R. MAJOR GOTE &#8211; CONEGO GETULIO<br \/>CEP: 38700207<br \/>MG <br \/>Tel.: (34) 9793-0333<br \/>E-mail: x<\/p><p>PAULICEIA NOVA<br \/>AV. Antonio Trajano Dos Santos 1330 &#8211; TRES LAGOAS <br \/>CEP: 79601003<br \/>MT <br \/>Tel.: (67) 9230-9278<br \/>E-mail: x<\/p><p>PONTA POR\u00c3 MS <br \/>R. Pedro Celestino. MS-164, &#8211; CENTRO <br \/>CEP: 79.900-000<br \/>MS<br \/>Tel.: (59) 59888-0404<br \/>E-mail: x<\/p><p>PONTAL PARANA <br \/>RODOVIA ENGENHEIRO DARCI GOMES DE MORAIS <br \/>CEP: 83.255-000<br \/>PR<br \/>Tel.: (41) 9970-6565<br \/>E-mail: x<\/p><p>PRESIDENTE PRUDENTE<br \/>Av Ant\u00f4nio Canhetti, 1157 &#8211; Jd. Canbuy<br \/>CEP: 19061-545<br \/>SP<br \/>Tel.: (18 ) 99725-3834<br \/>E-mail: aguazulprudente@hotmail.com<\/p><p>RIBEIRAO PRETO<br \/>Rua Fortaleza &#8211; Jardim Panorama<br \/>CEP: 13322422<br \/>SP<br \/>Tel.: (19) 97402-3951<\/p><p>TOLEDO<br \/>R VINTE DE SETEMBRO 635 &#8211; CENTRO <br \/>CEP: 85900170<br \/>PR<br \/>Tel.: (45) 9961-5305<br \/>E-mail: x<\/p><p>TRES LAGOAS <br \/>AV. Antonio Trajano Dos Santos 1330 &#8211; TRES LAGOAS <br \/>CEP: 79601003<br \/>MT <br \/>Tel.: (67) 9230-9278<br \/>E-mail: x<\/p><p>SANTA FE DO SUL<br \/>Rua Dos Bandeirantes, n\u00ba640 &#8211; CHACARA PRIMAVERA <br \/>CEP: 15.775-000<br \/>SP <br \/>Tel.: (17) 99135-7712<br \/>E-mail: riopiscinasvotu@gmail.com<\/p><p>S\u00c3O JOS\u00c9 DO RIO PRETO 2<br \/>Avenida Lino Jos\u00e9 de Seixas 1201 &#8211; Jardim dos Seixas<br \/>CEP: 15.061-060<br \/>SP<br \/>Tel.: 17 98131-7445<\/p><p>CACOAL<br \/>AVENIDA BELO HORIZONTE &#8211; BAIRRO INDUSTRIAL<br \/>CEP: 76960-001<br \/>RO<br \/>Tel.: (69) 9266-8842<\/p><p>FOZ DO IGUA\u00c7U <br \/>AV DAS SERIEMAS &#8211; BAIRRO RESIDENCIAL DAS ACACIAS<br \/>CEP: 78453-060<br \/>MT<br \/>Tel.: (65) 9674-0808<\/p><p>SINOP <br \/>AVENIDA DAS FIGUEIRS &#8211; SETOR COMERCIAL<br \/>CEP: 78550270<br \/>MT<br \/>Tel.: (66) 99990362<\/p><p>BARRA DO GAR\u00c7A<br \/>Tel.: ( 66) 9203-3910<\/p><p>SIQUEIRA CAMPOS<br \/>munhoz da rocha 482 &#8211; Vila claro<br \/>CEP: 84940-000<br \/>PR<br \/>Tel.: (43) 9627-2475<\/p><p>VOTUPORANGA<br \/>Av Jos\u00e9 Mar\u00e3o Filho &#8211; Polo Comercial e Industrial de Votuporanga <br \/>CEP: 15.502-045<br \/>SP<br \/>Tel.: (17) 99135-7712<br \/>E-mail: riopiscinasvotu@gmail.com<\/p><p>PONTA GROSSA<br \/>AV VISCONDE DE TAUNAY &#8211; CONTORNO<br \/>CEP: 84.052-000<br \/>PR<br \/>Tel.: 48 8456-8355<br \/>E-mail: PONTAGROSSA@RIOPISCINAS.COM.BR<\/p><p>CANOAS <br \/>AV GETULIA VARGAS &#8211; CENTRO<br \/>CEP: 92010242<br \/>RS<br \/>Tel.: (51) 98219-8899<br \/>E-mail: RIOPISCINASCANOASRS@GMAIL.COM<\/p><p>CASSINO <br \/>AV.RIO GRANDE &#8211; CASSINO<br \/>CEP: 96.205-001<br \/>RS<br \/>Tel.: (53 ) 99995-2636<br \/>E-mail: ALESSANDRAFCUNHA@YAHOO.COM.BR<\/p><p>PELOTAS <br \/>AV ADOLFO FETTER &#8211; LARANJAL<br \/>CEP: 96.083-094<br \/>RS<br \/>Tel.: (53) 8126-2059<br \/>E-mail: cunhaaqualazer@gmail.com<\/p><p>MARIA <br \/>AV JOAO LUIZ POZZOBON &#8211; KM 3<br \/>CEP: 97.095-465<br \/>RS<br \/>Tel.: (51) 98559-6731<br \/>E-mail: RIOPISCINASSANTAMARIA@GMAIL.COM<\/p><p>SERT\u00c3O SANTANA <br \/>DOURADILHO N\u00b0 15 &#8211; BR 116<br \/>CEP: 96790-000<br \/>RS<br \/>Tel.: (51) 99556-8442<br \/>E-mail: riopiscinas.sertao@gmail.com<\/p><p>GUARAMIRIM<br \/>RODOVIA BR 280 &#8211; AMIZADE<br \/>CEP: 89270-000<br \/>SC<br \/>Tel.: (47) 99763-3019<br \/>E-mail: BLPISCINAS.VENDAS@GMAIL.COM<\/p><p>CAXIAS DO SUL<br \/>RUA OTHELO ROSA 400 &#8211; CINQUETEN\u00c1RIO<br \/>CEP: 95.012-620<br \/>RS<br \/>Tel.: (54) 99694-5400<br \/>E-mail: riopiscinascaxiasdosul@hotmail.com<\/p><p>S\u00c3O GABRIEL<br \/>AV. ANTONIO TRILHA &#8211; SANTO ANTONIO<br \/>CEP: 97.310-010<br \/>RS<br \/>Tel.: (21) 967071736<br \/>E-mail: S\u00c3OGABRIEL@RIOPISCINAS.COM.BR<\/p><p>URUGUAIANA<br \/>AV PRESIDENTE GETULIO VARGAS N\u00b04835 &#8211; SANTANA<br \/>CEP: 97.502-255<br \/>RS<br \/>Tel.: (55) 9970-3325<br \/>E-mail: GARAY-GOMES@HOTMAIL.COM<\/p><p>SAPIRANGA<br \/>RUA LONDRINA, 28 &#8211; VILA IRMA<br \/>CEP: 93.805-794<br \/>RS<br \/>Tel.: 51999603101\/51998048486<br \/>E-mail: RIOSAPIRANGA@GMAIL.COM<\/p><p>CHU\u00cd &#8211; RS <br \/>RUA TR\u00caS &#8211; VILA AMERICA<br \/>CEP: 96255000<br \/>RS<br \/>Tel.: (53) 9929-7965<br \/>E-mail: RODRIGUESGLENIO28@GMAIL.COM<\/p><p>SANTANA DO LIVRAMENTO<br \/>RUA DOUTOR CEZAR PRIETO,325 &#8211; COHAB DO ARMOUR<br \/>CEP: 97575-675<br \/>RS<br \/>Tel.: (55) 99686-3344<\/p><p>GUA\u00cdBA<br \/>AV. MARTINHO POETA N\u00b01658 &#8211; PICADA<br \/>CEP: 92.990-000<br \/>RS<br \/>Tel.: (51) 99694-4889<br \/>E-mail: jeffersondosreis@yahoo.com<\/p><p>BAG\u00c9<br \/>R GOMES CARNEIRO &#8211; CENTRO<br \/>CEP: 96.400-130<br \/>RS<br \/>Tel.: (53)9920-1841<br \/>E-mail: REDCALDAS2010@GMIL.COM<\/p><p>TAQUARA<br \/>AV SEBASTIAO AMORETTI 1565 SALA 03 &#8211; MORRO DO LEONCIO<br \/>CEP: 95.600-150<br \/>RS<br \/>Tel.: (51) 9101-2193<br \/>E-mail: TAQUARA@RIOPISCINAS.COM.BR<\/p><p>LAJEADO<br \/>AV BENJAMIN CONSTANT 2631 &#8211; FLORESTAL<br \/>CEP: 95.900-700<br \/>RS <br \/>Tel.: (51) 9101-2193<br \/>E-mail: LAJEADO@RIOPISCINAS.COM.BR<\/p><p>PORTO ALEGRE<br \/>AVENIDA SERT\u00d3RIO N\u00b05460 &#8211; SARANDI<br \/>CEP: 91.050-370<br \/>RS<br \/>Tel.: (51) 8219-8899<br \/>E-mail: RIOPISCINASPOARS@GMAIL.COM<\/p><p>ARAGUA\u00cdNA<br \/>Av Filadelfia, N\u00b0 1765; Jardim esplanada &#8211; JARDIM ESPLANADA <br \/>CEP: 77817-100<br \/>TO<br \/>E-mail: rioaguaraina@gmail.com<\/p><p>BEL\u00c9M<br \/>Rodovia Mario Covas, 91 A &#8211; COQUEIRO<br \/>CEP: 66650-000<br \/>PA<br \/>E-mail: belem@riopiscinas.com.br<\/p><p>BENEVIDES<br \/>ROD BR 316 KM 24 NR 213 SALA A, N\u00b0 213 &#8211; SANTA ROSA<br \/>CEP: 68.795-000<br \/>PA<br \/>E-mail: lojariobenevides@gmail.com<\/p><p>BOA VISTA<br \/>Rua Carmelo, 1655 bairro Pintolandia &#8211; PINTOLANDIA <br \/>CEP: 69316-778<br \/>RR<br \/>E-mail: showpiscinas35@gmail.com<\/p><p>CAPANEMA<br \/>ROD BR316 , 192 , BAIRRO ; TANCREDO NEVES &#8211; TANCREDO<br \/>CEP: 68702-180<br \/>PA<br \/>E-mail: RHODRIGO35@GMAIL.COM<\/p><p>CASTANHAL 2<br \/>AV PRESIDENTE GETULIO VARGAS, N\u00b0 4608, CONJUNTO JADERLANDIA &#8211; IANETAMA<br \/>CEP: 68745-000<br \/>PA<br \/>E-mail: PISCINASPARAENSE@GMAIL.COM<\/p><p>GOIAN\u00c9SIA DO PAR\u00c1<br \/>AV tancredo neves , S\/N &#8211; CENTRO<br \/>CEP: 68639-000<br \/>PA<br \/>E-mail: riopiscinasgoianesia@gmail.com<\/p><p>PINHEIRO<br \/>R luis domingues , S\/N , quadra 29 &#8211; CENTRO<br \/>CEP: 65200-000<br \/>MA<br \/>E-mail: m.domingas@yahoo.com.br<\/p><p>SANTAR\u00c9M<br \/>Rod. Fernando Guilhon, N\u00b0 115 &#8211; BAIRRO DA CONQUISTA<br \/>CEP: 68035-000<br \/>PA<br \/>E-mail: NILTONCONTABILIDADE@HOTMAIL.COM<\/p><p>S\u00c3O JOS\u00c9 DO RIBAMAR<br \/>Est. Do Aracagy, Lot Praia Azul Qd A, Comercial 02, N\u00b01900<br \/>MA<br \/>E-mail: m.domingas@yahoo.com.br<\/p><p>S\u00e3o Luis<br \/>AV.ENG. EMILIANO MACIEIRA ROD. BR135 &#8211; KM 03. &#8211; Tibiri<br \/>CEP: 65095-601<br \/>MA<\/p><p>TAIL\u00c2NDIA<br \/>AV JO\u00c3O PESSOA N\u00ba 29 &#8211; CENTRO<br \/>CEP: 68695-000<br \/>PA<br \/>E-mail: rsagrovet@gmail.com<\/p><p>TERESINA<br \/>Av. Jo\u00e3o XXIII N\u00b0 1075; Joquei<br \/>CEP: 64049-010<br \/>PI<br \/>E-mail: riopiscinasteresina@gmail.com<\/p><p>TUCURU\u00cd<br \/>AV Raimundo Veridiano Cardoso, 16 &#8211; Bela Vista<br \/>CEP: 68.456-760<br \/>PA<br \/>E-mail: JTDOSSANTOSFILHO@GMA<\/p><p>ABAETETUBA &#8211; L\u00c9O<br \/>Rodovia Dr. Joao Miranda, 270 B &#8211; Vila Palhal<br \/>CEP: 68440-000<br \/>PA<\/p><p>ARARUAMA <br \/>RJ<\/p><p>BARRA DO PIRA\u00cd<br \/>Av Tenente Coronel Adalberto Mendes &#8211; Liberdade <br \/>CEP: 27521131<br \/>RJ <br \/>Tel.: (24) 98121-4997<\/p><p>BELO HORIZONTE<br \/>Av Cristiano Machado &#8211; Minaslandia <br \/>CEP: 31812112<br \/>MG <br \/>Tel.: (31) 98344-5749<br \/>E-mail: riopiscinasbh@gmail.com<\/p><p>GOVERNADOR VALADARES <br \/>Rua Onze, 844, Castanheiras II &#8211; Castanheiras II<br \/>MG <br \/>Tel.: (33) 98414-8228<br \/>E-mail: bruno@gvshoppingdaspiscinas.com.br<\/p><p>ITABORA\u00cd<br \/>RJ <br \/>Tel.: (21) 99626-0892<\/p><p>INO\u00c3<br \/>Rod. Amaral peixoto km 14 s\/n &#8211; Ino\u00e3<br \/>CEP: 24942040<br \/>RJ <br \/>Tel.: (21) 96472-1994<br \/>E-mail: priscilagos@priscilagos.com.br<\/p><p>JUIZ DE FORA<br \/>Rua Paracatu &#8211; Santa Terezinha <br \/>CEP: 27910-110<br \/>MG <br \/>Tel.: (32) 8862-7268<br \/>E-mail: atendimento@acquashopping.com.br<\/p><p>MACA\u00c9<br \/>Rua Teixeira de Gouveia, 663 &#8211; Centro <br \/>RJ <br \/>Tel.: (22) 98121-1177<\/p><p>MARIC\u00c1<br \/>Rodovia Ernani do Amaral Peixoto &#8211; Mumbuca <br \/>CEP: 227.908.51<br \/>RJ <br \/>Tel.: (21) 96472-1994<\/p><p>RECREIO<br \/>Av das Am\u00e9ricas, 21001, km 21 &#8211; Recreio dos Bandeirantes <br \/>RJ <br \/>Tel.: (21) 97462-3544<br \/>E-mail: riorecreiopiscinas@gmail.com<\/p><p>S\u00c3O FIDELIS <br \/>CEP: 28200000<br \/>RJ <br \/>Tel.: (22) 99872-4604<\/p><p>S\u00c3O JO\u00c3O DA BARRA <br \/>Av Liberdade, 520 &#8211; Grussai <br \/>RJ <br \/>Tel.: (22) 99893-5844<br \/>E-mail: abreurodolfod@gmail.com<\/p><p>S\u00c3O PEDRO <br \/>CEP: 28993610<\/p><p>SAQUAREMA <br \/>Rod. Amaral peixoto km 1061 &#8211; Bacax\u00e1<br \/>CEP: 35701-257<br \/>RJ <br \/>Tel.: (21) 97044-9760<br \/>E-mail: riopiscinasaquarema2016@gmail.com<\/p><p>SETE LAGOAS <br \/>Rua Felipe Chamon, 672 &#8211; Santo Antonio <br \/>CEP: 28927-972<br \/>MG <br \/>Tel.: (31) 9496-7726<\/p><p>UNAMAR <br \/>Av. Sideral LT 03, QD 16 Loja 03 e04 &#8211; Tamois <br \/>RJ <br \/>Tel.: (21) 99582-9076<br \/>E-mail: riopiscinasunamar@gmail.com<\/p><p>ARUJ\u00c1<br \/>AV. Jo\u00e3o Manoel &#8211; CENTRO<br \/>CEP: 07.400-615<br \/>SP<br \/>Tel.: 11 93483-4773<\/p><p>BRAGAN\u00c7A<br \/>Rua Doutor Moacir Rodrigues Neto 581 &#8211; Cruzeiro<br \/>CEP: 12.906-365<br \/>SP<br \/>Tel.: 11 99761-9627<\/p><p>CA\u00c7APAVA<br \/>Rua Professor Jo\u00e3o Batista Ortiz Monteiro &#8211; Vila Ant\u00f4nio Augusto Luiz<br \/>CEP: 12.287-310<br \/>SP<br \/>Tel.: 12 99145-3996<\/p><p>CAJAMAR<br \/>Avenida Tenente Marques, 3179 &#8211; Polvilho<br \/>CEP: 07.791-700<br \/>SP<br \/>Tel.: 11 95345-3188<\/p><p>CAMPINAS ANHANGUERA<br \/>Rua Batista Raffi, 295 &#8211; Jardim Aparecida<br \/>CEP: 13.068-601<br \/>SP<br \/>Tel.: 19 99203-0182<\/p><p>CAMPINAS TAQUARAL<br \/>Rua Luiz Ot\u00e1vio, 515 &#8211; PARQUE TAQUARAL<br \/>CEP: 13087-018<br \/>SP<br \/>Tel.: 31 8344-5749<\/p><p>CAMPO BELO<br \/>R. Aurelio Pedro de Resende, 51 &#8211; Monte Belo<br \/>CEP: 37270-000<br \/>MG<br \/>Tel.: 35 99817-2228<\/p><p>CARAGUATATUBA<br \/>Rua Mario Magalhaes 61 &#8211; Jaraguazinho<br \/>CEP: 11675-450<br \/>SP<br \/>Tel.: 11 94785-0630<\/p><p>CASTELO BRANCO<br \/>ROD CASTELO BRANCO &#8211; DONINHA<br \/>CEP: 18.120-000<br \/>SP<br \/>Tel.: 11 95471-5470<\/p><p>EMBU DAS ARTES<br \/>Estrada de Itapecerica 180 &#8211; Jardim Pinheirinho<br \/>CEP: 06.835-580<br \/>SP<br \/>Tel.: 11 93266-4521<\/p><p>FORMIGA<br \/>Rua General Carneiro, 151 &#8211; CENTRO<br \/>CEP: 35.570-002<br \/>MG<br \/>Tel.: 37 99820-6366<\/p><p>ITAPEVA<br \/>Rua Glic\u00e9rio David Muzel, 187 &#8211; Vila Oph\u00e9lia<br \/>CEP: 18.400-813<br \/>SP<br \/>Tel.: 19 97102-5921<\/p><p>JANDIRA<br \/>Tel.: 11 98236-9561<\/p><p>JARINU<br \/>Rod. Edgar Maximo Zambotto, n\u00b0 0, km 72 &#8211; Jos\u00e9 de Lima<br \/>CEP: 13240-000<br \/>SP<br \/>Tel.: 12 99682-7810<\/p><p>JUNDIA\u00cd<br \/>AV MARG. Sul Da Via Anhanguera &#8211; Distrito Industrial<br \/>CEP: 13.213-015<br \/>SP<\/p><p>MOGI MIRIM<br \/>Rua Senador Jos\u00e9 Bonif\u00e1cio &#8211; CENTRO<br \/>CEP: 13.800-970<br \/>SP<br \/>Tel.: 19 99450-3007<\/p><p>MONTE MOR<br \/>R Hum &#8211; Jardim Itapoan<br \/>CEP: 13.197-402<br \/>SP<br \/>Tel.: 19 99384-4648<\/p><p>PIRACICABA<br \/>Avenida Torquato da Silva Leit\u00e3o, 836 &#8211; S\u00c3O DIMAS<br \/>CEP: 13.416-210<br \/>SP<br \/>Tel.: 19 99228-6264<\/p><p>POUSO ALEGRE<br \/>Rodovia JK &#8211; BR 459 0 KM 107 &#8211; Ipiranga<br \/>CEP: 37556140<br \/>MG<br \/>Tel.: 35 9102-4580<\/p><p>PRAIA GRANDE<br \/>Tel.: 11 94791-0333<\/p><p>SANTA ISABEL<\/p><p>SALTO<br \/>Rua Antonio Pitorri, 63 &#8211; Residencial Vila Martins<br \/>CEP: 13.327-876<br \/>SP<br \/>Tel.: 11 97530-7385<\/p><p>S\u00c3O BERNARDO DO CAMPO<br \/>Rua Comendador Pinotti Gamba 211 &#8211; Rudge Ramos<br \/>CEP: 9620040<br \/>SP<br \/>Tel.: 11 91350-4237<\/p><p>S\u00c3O SEBASTI\u00c3O DO PARARISO<br \/>AV DARCIO CANTIERI &#8211; JD AMERICA 5<br \/>CEP: 37950000<br \/>MG<br \/>Tel.: 35-98642648<\/p><p>SOCORRO<br \/>Rua Bento Montanheiro,37 &#8211; Nogueiras<br \/>CEP: 13960000<br \/>SP<br \/>Tel.: 19-993992770<\/p><p>SUZANO<br \/>ROD. \u00cdndio Tibiri\u00e7\u00e1, 13956 &#8211; PALMEIRAS DE S\u00c3O PAULO<br \/>CEP: 08.630-000<br \/>SP<br \/>Tel.: 11 97676-9510<\/p><p>TATU\u00cd<br \/>Rod. Antonio Romano Schincariol &#8211; Jd Wanderley<br \/>CEP: 18227-670<br \/>SP<br \/>Tel.: 15 99777-0078<\/p><p>VARGEM GRANDE PAULISTA<br \/>ROD. BUNJIRO NAK\u00c3O 45451 &#8211; JARDIM MARGARIDA<br \/>CEP: 06.730-000<br \/>SP<br \/>Tel.: 13 98870-3830<\/p>\t\t\t\t\t\t\t\t<\/div>\n\t\t\t\t<\/div>\n\t\t\t\t\t<\/div>\n\t\t\t\t<\/div>\n\t\t\t\t<\/div>","protected":false},"excerpt":{"rendered":"<p>contatos de nossas revendasANAPOLIS GOTel.: 62 9145-8985 APARECIDA DE GOIANIA R. Dos Ferrovi\u00e1rios, 28 &#8211; Esplanada Do AnicunsCEP: 74.433-090GOTel.: (62) [&hellip;]<\/p>","protected":false},"author":1,"featured_media":0,"parent":0,"menu_order":0,"comment_status":"closed","ping_status":"closed","template":"elementor_canvas","meta":{"site-sidebar-layout":"no-sidebar","site-content-layout":"","ast-site-content-layout":"full-width-container","site-content-style":"default","site-sidebar-style":"default","ast-global-header-display":"","ast-banner-title-visibility":"","ast-main-header-display":"","ast-hfb-above-header-display":"","ast-hfb-below-header-display":"","ast-hfb-mobile-header-display":"","site-post-title":"disabled","ast-breadcrumbs-content":"","ast-featured-img":"disabled","footer-sml-layout":"","theme-transparent-header-meta":"","adv-header-id-meta":"","stick-header-meta":"","header-above-stick-meta":"","header-main-stick-meta":"","header-below-stick-meta":"","astra-migrate-meta-layouts":"default","ast-page-background-enabled":"default","ast-page-background-meta":{"desktop":{"background-color":"var(--ast-global-color-4)","background-image":"","background-repeat":"repeat","background-position":"center center","background-size":"auto","background-attachment":"scroll","background-type":"","background-media":"","overlay-type":"","overlay-color":"","overlay-opacity":"","overlay-gradient":""},"tablet":{"background-color":"","background-image":"","background-repeat":"repeat","background-position":"center center","background-size":"auto","background-attachment":"scroll","background-type":"","background-media":"","overlay-type":"","overlay-color":"","overlay-opacity":"","overlay-gradient":""},"mobile":{"background-color":"","background-image":"","background-repeat":"repeat","background-position":"center center","background-size":"auto","background-attachment":"scroll","background-type":"","background-media":"","overlay-type":"","overlay-color":"","overlay-opacity":"","overlay-gradient":""}},"ast-content-background-meta":{"desktop":{"background-color":"var(--ast-global-color-5)","background-image":"","background-repeat":"repeat","background-position":"center center","background-size":"auto","background-attachment":"scroll","background-type":"","background-media":"","overlay-type":"","overlay-color":"","overlay-opacity":"","overlay-gradient":""},"tablet":{"background-color":"var(--ast-global-color-5)","background-image":"","background-repeat":"repeat","background-position":"center center","background-size":"auto","background-attachment":"scroll","background-type":"","background-media":"","overlay-type":"","overlay-color":"","overlay-opacity":"","overlay-gradient":""},"mobile":{"background-color":"var(--ast-global-color-5)","background-image":"","background-repeat":"repeat","background-position":"center center","background-size":"auto","background-attachment":"scroll","background-type":"","background-media":"","overlay-type":"","overlay-color":"","overlay-opacity":"","overlay-gradient":""}},"footnotes":""},"class_list":["post-1590","page","type-page","status-publish","hentry"],"_links":{"self":[{"href":"https:\/\/natv.tech\/en\/wp-json\/wp\/v2\/pages\/1590","targetHints":{"allow":["GET"]}}],"collection":[{"href":"https:\/\/natv.tech\/en\/wp-json\/wp\/v2\/pages"}],"about":[{"href":"https:\/\/natv.tech\/en\/wp-json\/wp\/v2\/types\/page"}],"author":[{"embeddable":true,"href":"https:\/\/natv.tech\/en\/wp-json\/wp\/v2\/users\/1"}],"replies":[{"embeddable":true,"href":"https:\/\/natv.tech\/en\/wp-json\/wp\/v2\/comments?post=1590"}],"version-history":[{"count":7,"href":"https:\/\/natv.tech\/en\/wp-json\/wp\/v2\/pages\/1590\/revisions"}],"predecessor-version":[{"id":1599,"href":"https:\/\/natv.tech\/en\/wp-json\/wp\/v2\/pages\/1590\/revisions\/1599"}],"wp:attachment":[{"href":"https:\/\/natv.tech\/en\/wp-json\/wp\/v2\/media?parent=1590"}],"curies":[{"name":"wp","href":"https:\/\/api.w.org\/{rel}","templated":true}]}}